

{"id":259,"date":"2017-10-24T09:55:39","date_gmt":"2017-10-24T07:55:39","guid":{"rendered":"https:\/\/www.isay.ch?page_id=259"},"modified":"2017-11-02T10:56:39","modified_gmt":"2017-11-02T09:56:39","slug":"sante-feminine","status":"publish","type":"page","link":"https:\/\/isay-dev.biotin-merz.ch\/fr\/sante-feminine","title":{"rendered":"Sant\u00e9 f\u00e9minine"},"content":{"rendered":"<p>Notre corps est notre capital le plus important et le plus pr\u00e9cieux et le th\u00e8me de la sant\u00e9 nous pr\u00e9occupe dans toutes les situations de vie. Nous te prodiguons des conseils pour que tu prennes soin de toi et que tu augmentes ton niveau de bien-\u00eatre.<\/p>\n","protected":false},"excerpt":{"rendered":"<p>Notre corps est notre capital le plus important et le plus pr\u00e9cieux et le th\u00e8me de la sant\u00e9 nous pr\u00e9occupe dans toutes les situations de vie. Nous te prodiguons des conseils pour que tu prennes soin de toi et que tu augmentes ton niveau de bien-\u00eatre.<\/p>\n","protected":false},"author":7,"featured_media":0,"parent":0,"menu_order":3,"comment_status":"closed","ping_status":"closed","template":"page-frauengesundheit.php","meta":{"inline_featured_image":false},"acf":[],"yoast_head":"<!-- This site is optimized with the Yoast SEO plugin v18.1 - https:\/\/yoast.com\/wordpress\/plugins\/seo\/ -->\n<title>i say: Be Good To Your Body - Sant\u00e9 feminine<\/title>\n<meta name=\"description\" content=\"Sant\u00e9 feminine: Nous te prodiguons des conseils pour que tu prennes soin de toi et que tu augmentes ton niveau de bien-\u00eatre.\" \/>\n<meta name=\"robots\" content=\"index, follow, max-snippet:-1, max-image-preview:large, max-video-preview:-1\" \/>\n<link rel=\"canonical\" href=\"https:\/\/isay-dev.biotin-merz.ch\/fr\/sante-feminine\" \/>\n<meta property=\"og:locale\" content=\"fr_FR\" \/>\n<meta property=\"og:type\" content=\"article\" \/>\n<meta property=\"og:title\" content=\"i say: Be Good To Your Body - Sant\u00e9 feminine\" \/>\n<meta property=\"og:description\" content=\"Sant\u00e9 feminine: Nous te prodiguons des conseils pour que tu prennes soin de toi et que tu augmentes ton niveau de bien-\u00eatre.\" \/>\n<meta property=\"og:url\" content=\"https:\/\/isay-dev.biotin-merz.ch\/fr\/sante-feminine\" \/>\n<meta property=\"og:site_name\" content=\"iSay\" \/>\n<meta property=\"article:modified_time\" content=\"2017-11-02T09:56:39+00:00\" \/>\n<meta name=\"twitter:card\" content=\"summary\" \/>\n<script type=\"application\/ld+json\" class=\"yoast-schema-graph\">{\"@context\":\"https:\/\/schema.org\",\"@graph\":[{\"@type\":\"WebSite\",\"@id\":\"https:\/\/isay-dev.biotin-merz.ch\/#website\",\"url\":\"https:\/\/isay-dev.biotin-merz.ch\/\",\"name\":\"iSay\",\"description\":\"be good to your body\",\"potentialAction\":[{\"@type\":\"SearchAction\",\"target\":{\"@type\":\"EntryPoint\",\"urlTemplate\":\"https:\/\/isay-dev.biotin-merz.ch\/?s={search_term_string}\"},\"query-input\":\"required name=search_term_string\"}],\"inLanguage\":\"fr-FR\"},{\"@type\":\"WebPage\",\"@id\":\"https:\/\/isay-dev.biotin-merz.ch\/fr\/sante-feminine#webpage\",\"url\":\"https:\/\/isay-dev.biotin-merz.ch\/fr\/sante-feminine\",\"name\":\"i say: Be Good To Your Body - Sant\u00e9 feminine\",\"isPartOf\":{\"@id\":\"https:\/\/isay-dev.biotin-merz.ch\/#website\"},\"datePublished\":\"2017-10-24T07:55:39+00:00\",\"dateModified\":\"2017-11-02T09:56:39+00:00\",\"description\":\"Sant\u00e9 feminine: Nous te prodiguons des conseils pour que tu prennes soin de toi et que tu augmentes ton niveau de bien-\u00eatre.\",\"breadcrumb\":{\"@id\":\"https:\/\/isay-dev.biotin-merz.ch\/fr\/sante-feminine#breadcrumb\"},\"inLanguage\":\"fr-FR\",\"potentialAction\":[{\"@type\":\"ReadAction\",\"target\":[\"https:\/\/isay-dev.biotin-merz.ch\/fr\/sante-feminine\"]}]},{\"@type\":\"BreadcrumbList\",\"@id\":\"https:\/\/isay-dev.biotin-merz.ch\/fr\/sante-feminine#breadcrumb\",\"itemListElement\":[{\"@type\":\"ListItem\",\"position\":1,\"name\":\"Home\",\"item\":\"https:\/\/isay-dev.biotin-merz.ch\/fr\/home-2\"},{\"@type\":\"ListItem\",\"position\":2,\"name\":\"Sant\u00e9 f\u00e9minine\"}]}]}<\/script>\n<!-- \/ Yoast SEO plugin. -->","yoast_head_json":{"title":"i say: Be Good To Your Body - Sant\u00e9 feminine","description":"Sant\u00e9 feminine: Nous te prodiguons des conseils pour que tu prennes soin de toi et que tu augmentes ton niveau de bien-\u00eatre.","robots":{"index":"index","follow":"follow","max-snippet":"max-snippet:-1","max-image-preview":"max-image-preview:large","max-video-preview":"max-video-preview:-1"},"canonical":"https:\/\/isay-dev.biotin-merz.ch\/fr\/sante-feminine","og_locale":"fr_FR","og_type":"article","og_title":"i say: Be Good To Your Body - Sant\u00e9 feminine","og_description":"Sant\u00e9 feminine: Nous te prodiguons des conseils pour que tu prennes soin de toi et que tu augmentes ton niveau de bien-\u00eatre.","og_url":"https:\/\/isay-dev.biotin-merz.ch\/fr\/sante-feminine","og_site_name":"iSay","article_modified_time":"2017-11-02T09:56:39+00:00","twitter_card":"summary","schema":{"@context":"https:\/\/schema.org","@graph":[{"@type":"WebSite","@id":"https:\/\/isay-dev.biotin-merz.ch\/#website","url":"https:\/\/isay-dev.biotin-merz.ch\/","name":"iSay","description":"be good to your body","potentialAction":[{"@type":"SearchAction","target":{"@type":"EntryPoint","urlTemplate":"https:\/\/isay-dev.biotin-merz.ch\/?s={search_term_string}"},"query-input":"required name=search_term_string"}],"inLanguage":"fr-FR"},{"@type":"WebPage","@id":"https:\/\/isay-dev.biotin-merz.ch\/fr\/sante-feminine#webpage","url":"https:\/\/isay-dev.biotin-merz.ch\/fr\/sante-feminine","name":"i say: Be Good To Your Body - Sant\u00e9 feminine","isPartOf":{"@id":"https:\/\/isay-dev.biotin-merz.ch\/#website"},"datePublished":"2017-10-24T07:55:39+00:00","dateModified":"2017-11-02T09:56:39+00:00","description":"Sant\u00e9 feminine: Nous te prodiguons des conseils pour que tu prennes soin de toi et que tu augmentes ton niveau de bien-\u00eatre.","breadcrumb":{"@id":"https:\/\/isay-dev.biotin-merz.ch\/fr\/sante-feminine#breadcrumb"},"inLanguage":"fr-FR","potentialAction":[{"@type":"ReadAction","target":["https:\/\/isay-dev.biotin-merz.ch\/fr\/sante-feminine"]}]},{"@type":"BreadcrumbList","@id":"https:\/\/isay-dev.biotin-merz.ch\/fr\/sante-feminine#breadcrumb","itemListElement":[{"@type":"ListItem","position":1,"name":"Home","item":"https:\/\/isay-dev.biotin-merz.ch\/fr\/home-2"},{"@type":"ListItem","position":2,"name":"Sant\u00e9 f\u00e9minine"}]}]}},"_links":{"self":[{"href":"https:\/\/isay-dev.biotin-merz.ch\/fr\/wp-json\/wp\/v2\/pages\/259"}],"collection":[{"href":"https:\/\/isay-dev.biotin-merz.ch\/fr\/wp-json\/wp\/v2\/pages"}],"about":[{"href":"https:\/\/isay-dev.biotin-merz.ch\/fr\/wp-json\/wp\/v2\/types\/page"}],"author":[{"embeddable":true,"href":"https:\/\/isay-dev.biotin-merz.ch\/fr\/wp-json\/wp\/v2\/users\/7"}],"replies":[{"embeddable":true,"href":"https:\/\/isay-dev.biotin-merz.ch\/fr\/wp-json\/wp\/v2\/comments?post=259"}],"version-history":[{"count":1,"href":"https:\/\/isay-dev.biotin-merz.ch\/fr\/wp-json\/wp\/v2\/pages\/259\/revisions"}],"predecessor-version":[{"id":260,"href":"https:\/\/isay-dev.biotin-merz.ch\/fr\/wp-json\/wp\/v2\/pages\/259\/revisions\/260"}],"wp:attachment":[{"href":"https:\/\/isay-dev.biotin-merz.ch\/fr\/wp-json\/wp\/v2\/media?parent=259"}],"curies":[{"name":"wp","href":"https:\/\/api.w.org\/{rel}","templated":true}]}}