

{"id":270,"date":"2017-10-24T10:11:21","date_gmt":"2017-10-24T08:11:21","guid":{"rendered":"https:\/\/www.isay.ch?page_id=270"},"modified":"2021-08-11T11:28:00","modified_gmt":"2021-08-11T09:28:00","slug":"faq","status":"publish","type":"page","link":"https:\/\/isay-dev.biotin-merz.ch\/fr\/faq","title":{"rendered":"FAQ"},"content":{"rendered":"<h2><strong>i say: Self-Test infections vaginales<\/strong><\/h2>\n<p><strong>A quoi sert le test?<br \/>\n<\/strong>Ce test te permet de d\u00e9terminer ais\u00e9ment si tu as une infection vaginale et quelle en est la cause.<\/p>\n<p><strong>Comment le Self-Test fonctionne-t-il?<br \/>\n<\/strong>Le test analyse la pr\u00e9sence dans l&#8217;urine des causes d&#8217;infection vaginale les plus r\u00e9pandues. S\u2019il y a un champignon (CA) et\/ou une bact\u00e9rie (GV) dans l&#8217;urine, une ligne de test violet clair (ligne T) appara\u00eet. La ligne de contr\u00f4le (ligne C) appara\u00eet toujours en violet\/rouge. Si la ligne de contr\u00f4le n\u2019est pas visible, les r\u00e9sultats ne sont pas valables et le test a \u00e9chou\u00e9.<\/p>\n<p><strong>Peut-on faire le test pendant les r\u00e8gles?<br \/>\n<\/strong>Non, le sang des menstruations pourrait fausser les r\u00e9sultats du test.<\/p>\n<p><strong>Qui peut utiliser le Self-Test en toute s\u00e9curit\u00e9?<br \/>\n<\/strong>Les femmes de plus de 16\u00a0ans peuvent utiliser le Self-Test en toute s\u00e9curit\u00e9.<\/p>\n<p><strong>Peut-on \u00e9galement utiliser le test si l&#8217;on est enceinte ou que l&#8217;on allaite?<br \/>\n<\/strong>Oui. Consulte imm\u00e9diatement ton m\u00e9decin g\u00e9n\u00e9raliste si tu es enceinte et que ton self-test indique une vaginose bact\u00e9rienne (GV), car celle-ci peut augmenter le risque de naissance pr\u00e9matur\u00e9e ou de fausse couche.<strong>\u00a0<\/strong><\/p>\n<h2><strong>Comprim\u00e9s vaginaux i say: infections vaginales<\/strong><\/h2>\n<p><strong>A quel type de dispositif m\u00e9dical appartient i say: infections vaginales? Qu&#8217;est-ce que cela veut dire?<br \/>\ni say: infections vaginales<\/strong> est un dispositif m\u00e9dical de classe 2A pour autom\u00e9dication. C&#8217;est donc un dispositif m\u00e9dical qui doit uniquement \u00eatre utilis\u00e9 de fa\u00e7on temporaire.<\/p>\n<p><strong>Combien de comprim\u00e9s vaginaux dois-je ins\u00e9rer par jour?<br \/>\n<\/strong>Pour le traitement aigu, il faut ins\u00e9rer 2 comprim\u00e9s par jour sur une p\u00e9riode de 14 jours.<br \/>\nA titre pr\u00e9ventif, tu peux introduire tous les deux jours un comprim\u00e9 vaginal pendant 14\u00a0jours.<\/p>\n<p><strong>Puis-je arr\u00eater de prendre les comprim\u00e9s une fois que les sympt\u00f4mes ont disparu?<br \/>\n<\/strong>Il vaut mieux que tu continues de suivre le traitement pendant toute la p\u00e9riode recommand\u00e9e. Ainsi, le pH de ton vagin sera enti\u00e8rement r\u00e9tabli.<\/p>\n<p><strong>Peut-on prendre les comprim\u00e9s pendant la grossesse ou en cours d&#8217;allaitement?<br \/>\n<\/strong>Dans l&#8217;\u00e9tat actuel des connaissances, les comprim\u00e9s peuvent \u00e9galement \u00eatre utilis\u00e9s pendant la grossesse et l&#8217;allaitement. Toutefois, il est conseill\u00e9 de poser la question \u00e0 son m\u00e9decin traitant.<\/p>\n<p><strong>Quels sont les composants constitutifs des comprim\u00e9s?<\/strong><\/p>\n<ul>\n<li>Cranberry-Active&#x2122;<\/li>\n<li>Acide hyaluronique<\/li>\n<li>Poly\u00e9thyl\u00e8ne glycol 6000<\/li>\n<li>Crospovidone<\/li>\n<li>St\u00e9arate de magn\u00e9sium<\/li>\n<\/ul>\n<p><strong>Qui peut utiliser les comprim\u00e9s en toute s\u00e9curit\u00e9?<\/strong><\/p>\n<ul>\n<li>Les femmes de plus de 16\u00a0ans (pour les femmes de moins de 16 ans, uniquement apr\u00e8s consultation avec le m\u00e9decin)<\/li>\n<li>Les femmes diab\u00e9tiques<\/li>\n<\/ul>\n<p><strong>Dans quels cas ne faut-il pas prendre les comprim\u00e9s?<br \/>\n<\/strong>En cas d&#8217;allergie ou de r\u00e9action d&#8217;hypersensibilit\u00e9 \u00e0 l&#8217;un des composants.<\/p>\n<p><strong>Les comprim\u00e9s contiennent-ils du gluten\/lactose?<br \/>\n<\/strong>Les comprim\u00e9s sont sans gluten mais ils contiennent du lactose (lactitol monohydrate). Cela n&#8217;a cependant pas de r\u00e9percussion vu que le comprim\u00e9 est introduit vaginalement. Les comprim\u00e9s peuvent \u00eatre utilis\u00e9s sans danger par une personne intol\u00e9rante au lactose.<\/p>\n<p><strong>A-t-on eu recours \u00e0 des tests sur les animaux durant la fabrication des g\u00e9lules?<br \/>\n<\/strong>Aucun test sur des animaux n&#8217;a \u00e9t\u00e9 r\u00e9alis\u00e9.<\/p>\n<h2><strong>Gel i\u00a0say:\u00a0s\u00e9cheresse vaginale<\/strong><\/h2>\n<p><strong>A quel type de dispositif m\u00e9dical appartient i say: s\u00e9cheresse vaginale? Qu&#8217;est-ce que cela veut dire?<br \/>\n<\/strong>i\u00a0say:\u00a0s\u00e9cheresse vaginale est un dispositif m\u00e9dical de classe 2A pour autom\u00e9dication. C&#8217;est donc un dispositif m\u00e9dical qui doit uniquement \u00eatre utilis\u00e9 de fa\u00e7on temporaire.<\/p>\n<p><strong>Comment utiliser le gel hydratant?<br \/>\n<\/strong>On peut l&#8217;utiliser quotidiennement sur une dur\u00e9e limit\u00e9e. Appliquer une petite quantit\u00e9 autour et dans l&#8217;entr\u00e9e du vagin.<\/p>\n<p><strong>Dans quel cas ne doit-on pas utiliser le gel?<br \/>\n<\/strong>En cas d&#8217;allergie ou de r\u00e9action d&#8217;hypersensibilit\u00e9 \u00e0 l&#8217;un des composants.<\/p>\n<p><strong>Quels sont les composants du gel?<\/strong><\/p>\n<ul>\n<li>Cranberry-Active&#x2122;<\/li>\n<li>Aqua (eau)<\/li>\n<li>Propyl\u00e8ne glycol<\/li>\n<li>Hydroxy\u00e9thylcellulose<\/li>\n<li>Benzoate de sodium<\/li>\n<li>Sorbate de potassium<\/li>\n<li>Acide citrique<\/li>\n<li>Hydroxyde de sodium<\/li>\n<\/ul>\n<p><strong>Le gel contient-il du gluten\/lactose?<br \/>\n<\/strong>Il ne contient ni gluten ni lactose.<\/p>\n<p><strong>A-t-on eu recours \u00e0 des tests sur les animaux durant la fabrication des g\u00e9lules?<br \/>\n<\/strong>Aucun test sur des animaux n&#8217;a \u00e9t\u00e9 r\u00e9alis\u00e9.<\/p>\n<h2><strong>i say: Self-Test infections urinaires<\/strong><\/h2>\n<p><strong>A quoi sert le test?<br \/>\n<\/strong>Ce test te permet de d\u00e9terminer ais\u00e9ment si tu as une infection urinaire ou une cystite et quelle en est la cause.<\/p>\n<p><strong>Peut-on faire le test pendant les r\u00e8gles?<br \/>\n<\/strong>Non, le sang des menstruations pourrait fausser les r\u00e9sultats du test.\u00a0 Les pertes vaginales peuvent \u00e9galement fausser les r\u00e9sultats.<\/p>\n<p><strong>Qui peut utiliser le Self-Test en toute s\u00e9curit\u00e9?<\/strong><\/p>\n<ul>\n<li>Les femmes adultes<\/li>\n<li>Les jeunes filles de 12 \u00e0 18\u00a0ans sous surveillance<\/li>\n<\/ul>\n<p><strong>Peut-on utiliser le test si l&#8217;on est enceinte ou que l&#8217;on allaite?<br \/>\n<\/strong>Oui.<\/p>\n<h2><strong>G\u00e9lules i say: infections urinaires<\/strong><\/h2>\n<p><strong>Comment dois-je prendre les g\u00e9lules i say: infections urinaires?<br \/>\n<\/strong>Les g\u00e9lules doivent \u00eatre prises par voie orale, dans l&#8217;id\u00e9al avec un verre d&#8217;eau.<\/p>\n<p><strong>Combien de g\u00e9lules i say: infections urinaires dois-je prendre par jour?<br \/>\n<\/strong>Pour le traitement aigu, il faut prendre 2 g\u00e9lules par jour sur une p\u00e9riode de 15 jours.<br \/>\nA titre pr\u00e9ventif, tu peux prendre 1 g\u00e9lule par jour. Comme il s&#8217;agit en l&#8217;occurrence d&#8217;un produit m\u00e9dical de la classe 2B, une application non stop est possible.<\/p>\n<p><strong>Qui peut utiliser les g\u00e9lules en toute s\u00e9curit\u00e9?<\/strong><\/p>\n<ul>\n<li>Adultes<\/li>\n<li>Enfants de plus de 12\u00a0ans<\/li>\n<li>Personnes diab\u00e9tiques<\/li>\n<\/ul>\n<p><strong>Dans quels cas ne faut-il pas prendre les g\u00e9lules?<\/strong><\/p>\n<ul>\n<li>En cas d&#8217;allergie ou de r\u00e9action d&#8217;hypersensibilit\u00e9 \u00e0 l&#8217;un des composants<\/li>\n<li>En cas de prise de d\u00e9riv\u00e9s de la coumarine<\/li>\n<\/ul>\n<p><strong>Peut-on prendre les g\u00e9lules pendant la grossesse ou au cours de l&#8217;allaitement?<br \/>\n<\/strong>Dans l&#8217;\u00e9tat actuel des connaissances, les g\u00e9lules peuvent \u00eatre prises pendant la grossesse et l&#8217;allaitement. Toutefois, il est conseill\u00e9 de poser la question \u00e0 son m\u00e9decin traitant.<\/p>\n<p><strong>Quels sont les composants constitutifs des g\u00e9lules?<\/strong><\/p>\n<ul>\n<li>Cranberry-Active&#x2122;<\/li>\n<li>Amylum solani<\/li>\n<li>Hydroxypropylm\u00e9thylcellulose<\/li>\n<\/ul>\n<p><strong>Les g\u00e9lules conviennent-elles aussi aux v\u00e9g\u00e9tariens?<br \/>\n<\/strong>Oui, les g\u00e9lules sont fabriqu\u00e9es \u00e0 partir de mati\u00e8res premi\u00e8res sans tissus animaux.<\/p>\n<p><strong>Les g\u00e9lules contiennent-elles du gluten\/lactose?<br \/>\n<\/strong>Les g\u00e9lules sont sans gluten et sans lactose.<\/p>\n<p><strong>A-t-on eu recours \u00e0 des tests sur les animaux durant la fabrication des g\u00e9lules?<br \/>\n<\/strong>Aucun test sur des animaux n&#8217;a \u00e9t\u00e9 r\u00e9alis\u00e9.<\/p>\n<p><strong>Que dois-je faire s&#8217;il y a du sang dans mon urine?<br \/>\n<\/strong>Consulte imm\u00e9diatement un m\u00e9decin pour savoir la cause et pour commencer le traitement correspondant.<\/p>\n","protected":false},"excerpt":{"rendered":"<p>i say: Self-Test infections vaginales A quoi sert le test? Ce test te permet de d\u00e9terminer ais\u00e9ment si tu as une infection vaginale et quelle en est la cause. Comment le Self-Test fonctionne-t-il? Le test analyse la pr\u00e9sence dans l&#8217;urine des causes d&#8217;infection vaginale les plus r\u00e9pandues. S\u2019il y a un champignon (CA) et\/ou une [&hellip;]<\/p>\n","protected":false},"author":7,"featured_media":159,"parent":0,"menu_order":99,"comment_status":"closed","ping_status":"closed","template":"page-faq.php","meta":{"inline_featured_image":false},"acf":[],"yoast_head":"<!-- This site is optimized with the Yoast SEO plugin v18.1 - https:\/\/yoast.com\/wordpress\/plugins\/seo\/ -->\n<title>i say: Be Good To Your Body - FAQ<\/title>\n<meta name=\"description\" content=\"Si vous avez des questions sur le produit, ses ingr\u00e9dients ou comment l&#039;utiliser, lisez notre FAQ. Voici les r\u00e9ponses aux questions fr\u00e9quemment pos\u00e9es.\" \/>\n<meta name=\"robots\" content=\"index, follow, max-snippet:-1, max-image-preview:large, max-video-preview:-1\" \/>\n<link rel=\"canonical\" href=\"https:\/\/isay-dev.biotin-merz.ch\/fr\/faq\" \/>\n<meta property=\"og:locale\" content=\"fr_FR\" \/>\n<meta property=\"og:type\" content=\"article\" \/>\n<meta property=\"og:title\" content=\"i say: Be Good To Your Body - FAQ\" \/>\n<meta property=\"og:description\" content=\"Si vous avez des questions sur le produit, ses ingr\u00e9dients ou comment l&#039;utiliser, lisez notre FAQ. Voici les r\u00e9ponses aux questions fr\u00e9quemment pos\u00e9es.\" \/>\n<meta property=\"og:url\" content=\"https:\/\/isay-dev.biotin-merz.ch\/fr\/faq\" \/>\n<meta property=\"og:site_name\" content=\"iSay\" \/>\n<meta property=\"article:modified_time\" content=\"2021-08-11T09:28:00+00:00\" \/>\n<meta property=\"og:image\" content=\"https:\/\/isay-dev.biotin-merz.ch\/wp-content\/uploads\/Kontakt_FAQ_Presse-e1508404866310.jpg\" \/>\n\t<meta property=\"og:image:width\" content=\"1920\" \/>\n\t<meta property=\"og:image:height\" content=\"494\" \/>\n\t<meta property=\"og:image:type\" content=\"image\/jpeg\" \/>\n<meta name=\"twitter:card\" content=\"summary\" \/>\n<meta name=\"twitter:label1\" content=\"Dur\u00e9e de lecture estim\u00e9e\" \/>\n\t<meta name=\"twitter:data1\" content=\"5 minutes\" \/>\n<script type=\"application\/ld+json\" class=\"yoast-schema-graph\">{\"@context\":\"https:\/\/schema.org\",\"@graph\":[{\"@type\":\"WebSite\",\"@id\":\"https:\/\/isay-dev.biotin-merz.ch\/#website\",\"url\":\"https:\/\/isay-dev.biotin-merz.ch\/\",\"name\":\"iSay\",\"description\":\"be good to your body\",\"potentialAction\":[{\"@type\":\"SearchAction\",\"target\":{\"@type\":\"EntryPoint\",\"urlTemplate\":\"https:\/\/isay-dev.biotin-merz.ch\/?s={search_term_string}\"},\"query-input\":\"required name=search_term_string\"}],\"inLanguage\":\"fr-FR\"},{\"@type\":\"ImageObject\",\"@id\":\"https:\/\/isay-dev.biotin-merz.ch\/fr\/faq#primaryimage\",\"inLanguage\":\"fr-FR\",\"url\":\"https:\/\/isay-dev.biotin-merz.ch\/wp-content\/uploads\/Kontakt_FAQ_Presse-e1508404866310.jpg\",\"contentUrl\":\"https:\/\/isay-dev.biotin-merz.ch\/wp-content\/uploads\/Kontakt_FAQ_Presse-e1508404866310.jpg\",\"width\":1920,\"height\":494},{\"@type\":\"WebPage\",\"@id\":\"https:\/\/isay-dev.biotin-merz.ch\/fr\/faq#webpage\",\"url\":\"https:\/\/isay-dev.biotin-merz.ch\/fr\/faq\",\"name\":\"i say: Be Good To Your Body - FAQ\",\"isPartOf\":{\"@id\":\"https:\/\/isay-dev.biotin-merz.ch\/#website\"},\"primaryImageOfPage\":{\"@id\":\"https:\/\/isay-dev.biotin-merz.ch\/fr\/faq#primaryimage\"},\"datePublished\":\"2017-10-24T08:11:21+00:00\",\"dateModified\":\"2021-08-11T09:28:00+00:00\",\"description\":\"Si vous avez des questions sur le produit, ses ingr\u00e9dients ou comment l'utiliser, lisez notre FAQ. Voici les r\u00e9ponses aux questions fr\u00e9quemment pos\u00e9es.\",\"breadcrumb\":{\"@id\":\"https:\/\/isay-dev.biotin-merz.ch\/fr\/faq#breadcrumb\"},\"inLanguage\":\"fr-FR\",\"potentialAction\":[{\"@type\":\"ReadAction\",\"target\":[\"https:\/\/isay-dev.biotin-merz.ch\/fr\/faq\"]}]},{\"@type\":\"BreadcrumbList\",\"@id\":\"https:\/\/isay-dev.biotin-merz.ch\/fr\/faq#breadcrumb\",\"itemListElement\":[{\"@type\":\"ListItem\",\"position\":1,\"name\":\"Home\",\"item\":\"https:\/\/isay-dev.biotin-merz.ch\/fr\/home-2\"},{\"@type\":\"ListItem\",\"position\":2,\"name\":\"FAQ\"}]}]}<\/script>\n<!-- \/ Yoast SEO plugin. -->","yoast_head_json":{"title":"i say: Be Good To Your Body - FAQ","description":"Si vous avez des questions sur le produit, ses ingr\u00e9dients ou comment l'utiliser, lisez notre FAQ. Voici les r\u00e9ponses aux questions fr\u00e9quemment pos\u00e9es.","robots":{"index":"index","follow":"follow","max-snippet":"max-snippet:-1","max-image-preview":"max-image-preview:large","max-video-preview":"max-video-preview:-1"},"canonical":"https:\/\/isay-dev.biotin-merz.ch\/fr\/faq","og_locale":"fr_FR","og_type":"article","og_title":"i say: Be Good To Your Body - FAQ","og_description":"Si vous avez des questions sur le produit, ses ingr\u00e9dients ou comment l'utiliser, lisez notre FAQ. Voici les r\u00e9ponses aux questions fr\u00e9quemment pos\u00e9es.","og_url":"https:\/\/isay-dev.biotin-merz.ch\/fr\/faq","og_site_name":"iSay","article_modified_time":"2021-08-11T09:28:00+00:00","og_image":[{"width":1920,"height":494,"url":"https:\/\/isay-dev.biotin-merz.ch\/wp-content\/uploads\/Kontakt_FAQ_Presse-e1508404866310.jpg","type":"image\/jpeg"}],"twitter_card":"summary","twitter_misc":{"Dur\u00e9e de lecture estim\u00e9e":"5 minutes"},"schema":{"@context":"https:\/\/schema.org","@graph":[{"@type":"WebSite","@id":"https:\/\/isay-dev.biotin-merz.ch\/#website","url":"https:\/\/isay-dev.biotin-merz.ch\/","name":"iSay","description":"be good to your body","potentialAction":[{"@type":"SearchAction","target":{"@type":"EntryPoint","urlTemplate":"https:\/\/isay-dev.biotin-merz.ch\/?s={search_term_string}"},"query-input":"required name=search_term_string"}],"inLanguage":"fr-FR"},{"@type":"ImageObject","@id":"https:\/\/isay-dev.biotin-merz.ch\/fr\/faq#primaryimage","inLanguage":"fr-FR","url":"https:\/\/isay-dev.biotin-merz.ch\/wp-content\/uploads\/Kontakt_FAQ_Presse-e1508404866310.jpg","contentUrl":"https:\/\/isay-dev.biotin-merz.ch\/wp-content\/uploads\/Kontakt_FAQ_Presse-e1508404866310.jpg","width":1920,"height":494},{"@type":"WebPage","@id":"https:\/\/isay-dev.biotin-merz.ch\/fr\/faq#webpage","url":"https:\/\/isay-dev.biotin-merz.ch\/fr\/faq","name":"i say: Be Good To Your Body - FAQ","isPartOf":{"@id":"https:\/\/isay-dev.biotin-merz.ch\/#website"},"primaryImageOfPage":{"@id":"https:\/\/isay-dev.biotin-merz.ch\/fr\/faq#primaryimage"},"datePublished":"2017-10-24T08:11:21+00:00","dateModified":"2021-08-11T09:28:00+00:00","description":"Si vous avez des questions sur le produit, ses ingr\u00e9dients ou comment l'utiliser, lisez notre FAQ. Voici les r\u00e9ponses aux questions fr\u00e9quemment pos\u00e9es.","breadcrumb":{"@id":"https:\/\/isay-dev.biotin-merz.ch\/fr\/faq#breadcrumb"},"inLanguage":"fr-FR","potentialAction":[{"@type":"ReadAction","target":["https:\/\/isay-dev.biotin-merz.ch\/fr\/faq"]}]},{"@type":"BreadcrumbList","@id":"https:\/\/isay-dev.biotin-merz.ch\/fr\/faq#breadcrumb","itemListElement":[{"@type":"ListItem","position":1,"name":"Home","item":"https:\/\/isay-dev.biotin-merz.ch\/fr\/home-2"},{"@type":"ListItem","position":2,"name":"FAQ"}]}]}},"_links":{"self":[{"href":"https:\/\/isay-dev.biotin-merz.ch\/fr\/wp-json\/wp\/v2\/pages\/270"}],"collection":[{"href":"https:\/\/isay-dev.biotin-merz.ch\/fr\/wp-json\/wp\/v2\/pages"}],"about":[{"href":"https:\/\/isay-dev.biotin-merz.ch\/fr\/wp-json\/wp\/v2\/types\/page"}],"author":[{"embeddable":true,"href":"https:\/\/isay-dev.biotin-merz.ch\/fr\/wp-json\/wp\/v2\/users\/7"}],"replies":[{"embeddable":true,"href":"https:\/\/isay-dev.biotin-merz.ch\/fr\/wp-json\/wp\/v2\/comments?post=270"}],"version-history":[{"count":6,"href":"https:\/\/isay-dev.biotin-merz.ch\/fr\/wp-json\/wp\/v2\/pages\/270\/revisions"}],"predecessor-version":[{"id":1157,"href":"https:\/\/isay-dev.biotin-merz.ch\/fr\/wp-json\/wp\/v2\/pages\/270\/revisions\/1157"}],"wp:featuredmedia":[{"embeddable":true,"href":"https:\/\/isay-dev.biotin-merz.ch\/fr\/wp-json\/wp\/v2\/media\/159"}],"wp:attachment":[{"href":"https:\/\/isay-dev.biotin-merz.ch\/fr\/wp-json\/wp\/v2\/media?parent=270"}],"curies":[{"name":"wp","href":"https:\/\/api.w.org\/{rel}","templated":true}]}}