

{"id":294,"date":"2017-10-13T14:39:12","date_gmt":"2017-10-13T12:39:12","guid":{"rendered":"https:\/\/www.isay.ch\/produkt\/vaginale-infektion"},"modified":"2019-09-19T10:55:49","modified_gmt":"2019-09-19T08:55:49","slug":"infections-vaginales","status":"publish","type":"product","link":"https:\/\/isay-dev.biotin-merz.ch\/fr\/produkt\/infections-vaginales","title":{"rendered":"Infections vaginales"},"content":{"rendered":"<p>Pour r\u00e9tablir l&#8217;\u00e9quilibre vaginal, la valeur de pH doit \u00eatre ramen\u00e9e dans la zone normale de 3,5 \u00e0 4,5. Car les champignons ne peuvent pas survivre dans ce milieu acide. Les comprim\u00e9s vaginaux <strong>i say: infections vaginales<\/strong> agissent avec leur substance active naturelle en tant que r\u00e9gulateur efficace de la valeur du pH et luttent contre les troubles d\u00e9sagr\u00e9ables. Les petits comprim\u00e9s vaginaux pratiques se dissolvent rapidement. Il est \u00e9galement possible de l&#8217;utiliser de jour sans probl\u00e8mes, dans la mesure o\u00f9 contrairement aux ovules, quasiment aucun flux accru n&#8217;est produit.<\/p>\n","protected":false},"excerpt":{"rendered":"<p>Pour r\u00e9tablir l&#8217;\u00e9quilibre vaginal, la valeur de pH doit \u00eatre ramen\u00e9e dans la zone normale de 3,5 \u00e0 4,5. Car les champignons ne peuvent pas survivre dans ce milieu acide. Les comprim\u00e9s vaginaux i say: infections vaginales agissent avec leur substance active naturelle en tant que r\u00e9gulateur efficace de la valeur du pH et luttent [&hellip;]<\/p>\n","protected":false},"featured_media":307,"template":"","meta":{"inline_featured_image":false},"product_cat":[20],"product_tag":[],"acf":[],"yoast_head":"<!-- This site is optimized with the Yoast SEO plugin v18.1 - https:\/\/yoast.com\/wordpress\/plugins\/seo\/ -->\n<title>i say: Be Good To Your Body - Infections vaginales<\/title>\n<meta name=\"description\" content=\"Gr\u00e2ce au principe actif naturel Cranberry-Active \u2122, i say: Infections vaginales poss\u00e8de une double action contre les mycoses et les vaginoses.\" \/>\n<meta name=\"robots\" content=\"index, follow, max-snippet:-1, max-image-preview:large, max-video-preview:-1\" \/>\n<link rel=\"canonical\" href=\"https:\/\/isay-dev.biotin-merz.ch\/fr\/produkt\/infections-vaginales\" \/>\n<meta property=\"og:locale\" content=\"fr_FR\" \/>\n<meta property=\"og:type\" content=\"article\" \/>\n<meta property=\"og:title\" content=\"i say: Be Good To Your Body - Infections vaginales\" \/>\n<meta property=\"og:description\" content=\"Gr\u00e2ce au principe actif naturel Cranberry-Active \u2122, i say: Infections vaginales poss\u00e8de une double action contre les mycoses et les vaginoses.\" \/>\n<meta property=\"og:url\" content=\"https:\/\/isay-dev.biotin-merz.ch\/fr\/produkt\/infections-vaginales\" \/>\n<meta property=\"og:site_name\" content=\"iSay\" \/>\n<meta property=\"article:modified_time\" content=\"2019-09-19T08:55:49+00:00\" \/>\n<meta property=\"og:image\" content=\"https:\/\/isay-dev.biotin-merz.ch\/wp-content\/uploads\/iSay_Packshots_VI_F.jpg\" \/>\n\t<meta property=\"og:image:width\" content=\"1500\" \/>\n\t<meta property=\"og:image:height\" content=\"1598\" \/>\n\t<meta property=\"og:image:type\" content=\"image\/jpeg\" \/>\n<meta name=\"twitter:card\" content=\"summary\" \/>\n<script type=\"application\/ld+json\" class=\"yoast-schema-graph\">{\"@context\":\"https:\/\/schema.org\",\"@graph\":[{\"@type\":\"WebSite\",\"@id\":\"https:\/\/isay-dev.biotin-merz.ch\/#website\",\"url\":\"https:\/\/isay-dev.biotin-merz.ch\/\",\"name\":\"iSay\",\"description\":\"be good to your body\",\"potentialAction\":[{\"@type\":\"SearchAction\",\"target\":{\"@type\":\"EntryPoint\",\"urlTemplate\":\"https:\/\/isay-dev.biotin-merz.ch\/?s={search_term_string}\"},\"query-input\":\"required name=search_term_string\"}],\"inLanguage\":\"fr-FR\"},{\"@type\":\"ImageObject\",\"@id\":\"https:\/\/isay-dev.biotin-merz.ch\/fr\/produkt\/infections-vaginales#primaryimage\",\"inLanguage\":\"fr-FR\",\"url\":\"https:\/\/isay-dev.biotin-merz.ch\/wp-content\/uploads\/iSay_Packshots_VI_F.jpg\",\"contentUrl\":\"https:\/\/isay-dev.biotin-merz.ch\/wp-content\/uploads\/iSay_Packshots_VI_F.jpg\",\"width\":1500,\"height\":1598},{\"@type\":\"WebPage\",\"@id\":\"https:\/\/isay-dev.biotin-merz.ch\/fr\/produkt\/infections-vaginales#webpage\",\"url\":\"https:\/\/isay-dev.biotin-merz.ch\/fr\/produkt\/infections-vaginales\",\"name\":\"i say: Be Good To Your Body - Infections vaginales\",\"isPartOf\":{\"@id\":\"https:\/\/isay-dev.biotin-merz.ch\/#website\"},\"primaryImageOfPage\":{\"@id\":\"https:\/\/isay-dev.biotin-merz.ch\/fr\/produkt\/infections-vaginales#primaryimage\"},\"datePublished\":\"2017-10-13T12:39:12+00:00\",\"dateModified\":\"2019-09-19T08:55:49+00:00\",\"description\":\"Gr\u00e2ce au principe actif naturel Cranberry-Active \u2122, i say: Infections vaginales poss\u00e8de une double action contre les mycoses et les vaginoses.\",\"breadcrumb\":{\"@id\":\"https:\/\/isay-dev.biotin-merz.ch\/fr\/produkt\/infections-vaginales#breadcrumb\"},\"inLanguage\":\"fr-FR\",\"potentialAction\":[{\"@type\":\"ReadAction\",\"target\":[\"https:\/\/isay-dev.biotin-merz.ch\/fr\/produkt\/infections-vaginales\"]}]},{\"@type\":\"BreadcrumbList\",\"@id\":\"https:\/\/isay-dev.biotin-merz.ch\/fr\/produkt\/infections-vaginales#breadcrumb\",\"itemListElement\":[{\"@type\":\"ListItem\",\"position\":1,\"name\":\"Home\",\"item\":\"https:\/\/isay-dev.biotin-merz.ch\/fr\/home-2\"},{\"@type\":\"ListItem\",\"position\":2,\"name\":\"Shop\",\"item\":\"https:\/\/isay-dev.biotin-merz.ch\/fr\/shop\"},{\"@type\":\"ListItem\",\"position\":3,\"name\":\"Infections vaginales\"}]}]}<\/script>\n<!-- \/ Yoast SEO plugin. -->","yoast_head_json":{"title":"i say: Be Good To Your Body - Infections vaginales","description":"Gr\u00e2ce au principe actif naturel Cranberry-Active \u2122, i say: Infections vaginales poss\u00e8de une double action contre les mycoses et les vaginoses.","robots":{"index":"index","follow":"follow","max-snippet":"max-snippet:-1","max-image-preview":"max-image-preview:large","max-video-preview":"max-video-preview:-1"},"canonical":"https:\/\/isay-dev.biotin-merz.ch\/fr\/produkt\/infections-vaginales","og_locale":"fr_FR","og_type":"article","og_title":"i say: Be Good To Your Body - Infections vaginales","og_description":"Gr\u00e2ce au principe actif naturel Cranberry-Active \u2122, i say: Infections vaginales poss\u00e8de une double action contre les mycoses et les vaginoses.","og_url":"https:\/\/isay-dev.biotin-merz.ch\/fr\/produkt\/infections-vaginales","og_site_name":"iSay","article_modified_time":"2019-09-19T08:55:49+00:00","og_image":[{"width":1500,"height":1598,"url":"https:\/\/isay-dev.biotin-merz.ch\/wp-content\/uploads\/iSay_Packshots_VI_F.jpg","type":"image\/jpeg"}],"twitter_card":"summary","schema":{"@context":"https:\/\/schema.org","@graph":[{"@type":"WebSite","@id":"https:\/\/isay-dev.biotin-merz.ch\/#website","url":"https:\/\/isay-dev.biotin-merz.ch\/","name":"iSay","description":"be good to your body","potentialAction":[{"@type":"SearchAction","target":{"@type":"EntryPoint","urlTemplate":"https:\/\/isay-dev.biotin-merz.ch\/?s={search_term_string}"},"query-input":"required name=search_term_string"}],"inLanguage":"fr-FR"},{"@type":"ImageObject","@id":"https:\/\/isay-dev.biotin-merz.ch\/fr\/produkt\/infections-vaginales#primaryimage","inLanguage":"fr-FR","url":"https:\/\/isay-dev.biotin-merz.ch\/wp-content\/uploads\/iSay_Packshots_VI_F.jpg","contentUrl":"https:\/\/isay-dev.biotin-merz.ch\/wp-content\/uploads\/iSay_Packshots_VI_F.jpg","width":1500,"height":1598},{"@type":"WebPage","@id":"https:\/\/isay-dev.biotin-merz.ch\/fr\/produkt\/infections-vaginales#webpage","url":"https:\/\/isay-dev.biotin-merz.ch\/fr\/produkt\/infections-vaginales","name":"i say: Be Good To Your Body - Infections vaginales","isPartOf":{"@id":"https:\/\/isay-dev.biotin-merz.ch\/#website"},"primaryImageOfPage":{"@id":"https:\/\/isay-dev.biotin-merz.ch\/fr\/produkt\/infections-vaginales#primaryimage"},"datePublished":"2017-10-13T12:39:12+00:00","dateModified":"2019-09-19T08:55:49+00:00","description":"Gr\u00e2ce au principe actif naturel Cranberry-Active \u2122, i say: Infections vaginales poss\u00e8de une double action contre les mycoses et les vaginoses.","breadcrumb":{"@id":"https:\/\/isay-dev.biotin-merz.ch\/fr\/produkt\/infections-vaginales#breadcrumb"},"inLanguage":"fr-FR","potentialAction":[{"@type":"ReadAction","target":["https:\/\/isay-dev.biotin-merz.ch\/fr\/produkt\/infections-vaginales"]}]},{"@type":"BreadcrumbList","@id":"https:\/\/isay-dev.biotin-merz.ch\/fr\/produkt\/infections-vaginales#breadcrumb","itemListElement":[{"@type":"ListItem","position":1,"name":"Home","item":"https:\/\/isay-dev.biotin-merz.ch\/fr\/home-2"},{"@type":"ListItem","position":2,"name":"Shop","item":"https:\/\/isay-dev.biotin-merz.ch\/fr\/shop"},{"@type":"ListItem","position":3,"name":"Infections vaginales"}]}]}},"_links":{"self":[{"href":"https:\/\/isay-dev.biotin-merz.ch\/fr\/wp-json\/wp\/v2\/product\/294"}],"collection":[{"href":"https:\/\/isay-dev.biotin-merz.ch\/fr\/wp-json\/wp\/v2\/product"}],"about":[{"href":"https:\/\/isay-dev.biotin-merz.ch\/fr\/wp-json\/wp\/v2\/types\/product"}],"wp:featuredmedia":[{"embeddable":true,"href":"https:\/\/isay-dev.biotin-merz.ch\/fr\/wp-json\/wp\/v2\/media\/307"}],"wp:attachment":[{"href":"https:\/\/isay-dev.biotin-merz.ch\/fr\/wp-json\/wp\/v2\/media?parent=294"}],"wp:term":[{"taxonomy":"product_cat","embeddable":true,"href":"https:\/\/isay-dev.biotin-merz.ch\/fr\/wp-json\/wp\/v2\/product_cat?post=294"},{"taxonomy":"product_tag","embeddable":true,"href":"https:\/\/isay-dev.biotin-merz.ch\/fr\/wp-json\/wp\/v2\/product_tag?post=294"}],"curies":[{"name":"wp","href":"https:\/\/api.w.org\/{rel}","templated":true}]}}