

{"id":295,"date":"2017-10-13T14:40:01","date_gmt":"2017-10-13T12:40:01","guid":{"rendered":"https:\/\/www.isay.ch\/produkt\/vaginale-trockenheit"},"modified":"2017-11-02T13:16:20","modified_gmt":"2017-11-02T12:16:20","slug":"secheresse-vaginale","status":"publish","type":"product","link":"https:\/\/isay-dev.biotin-merz.ch\/fr\/produkt\/secheresse-vaginale","title":{"rendered":"S\u00e9cheresse vaginale"},"content":{"rendered":"<p>Une femme sur trois souffre de s\u00e9cheresse vaginale au moins une fois dans sa vie. Souvent les facteurs d\u00e9clencheurs sont les changements hormonaux ou le stress. Le <strong>gel i\u00a0say:\u00a0s\u00e9cheresse vaginale<\/strong> restaure le niveau d&#8217;humidit\u00e9 naturel du vagin et soulage imm\u00e9diatement les douleurs et les br\u00fblures.<\/p>\n","protected":false},"excerpt":{"rendered":"<p>Une femme sur trois souffre de s\u00e9cheresse vaginale au moins une fois dans sa vie. Souvent les facteurs d\u00e9clencheurs sont les changements hormonaux ou le stress. Le gel i\u00a0say:\u00a0s\u00e9cheresse vaginale restaure le niveau d&#8217;humidit\u00e9 naturel du vagin et soulage imm\u00e9diatement les douleurs et les br\u00fblures.<\/p>\n","protected":false},"featured_media":251,"template":"","meta":{"inline_featured_image":false},"product_cat":[20],"product_tag":[],"acf":[],"yoast_head":"<!-- This site is optimized with the Yoast SEO plugin v18.1 - https:\/\/yoast.com\/wordpress\/plugins\/seo\/ -->\n<title>i say: Be Good To Your Body - S\u00e9cheresse vaginale<\/title>\n<meta name=\"description\" content=\"Le gel i say: S\u00e9cheresse vaginale au Cranberry-Active est un gel lubrifiant aqueux au pH optimal qui soulage imm\u00e9diatement la s\u00e9cheresse.\" \/>\n<meta name=\"robots\" content=\"index, follow, max-snippet:-1, max-image-preview:large, max-video-preview:-1\" \/>\n<link rel=\"canonical\" href=\"https:\/\/isay-dev.biotin-merz.ch\/fr\/produkt\/secheresse-vaginale\" \/>\n<meta property=\"og:locale\" content=\"fr_FR\" \/>\n<meta property=\"og:type\" content=\"article\" \/>\n<meta property=\"og:title\" content=\"i say: Be Good To Your Body - S\u00e9cheresse vaginale\" \/>\n<meta property=\"og:description\" content=\"Le gel i say: S\u00e9cheresse vaginale au Cranberry-Active est un gel lubrifiant aqueux au pH optimal qui soulage imm\u00e9diatement la s\u00e9cheresse.\" \/>\n<meta property=\"og:url\" content=\"https:\/\/isay-dev.biotin-merz.ch\/fr\/produkt\/secheresse-vaginale\" \/>\n<meta property=\"og:site_name\" content=\"iSay\" \/>\n<meta property=\"article:modified_time\" content=\"2017-11-02T12:16:20+00:00\" \/>\n<meta property=\"og:image\" content=\"https:\/\/isay-dev.biotin-merz.ch\/wp-content\/uploads\/iSay_Packshots_VT_F.jpg\" \/>\n\t<meta property=\"og:image:width\" content=\"1500\" \/>\n\t<meta property=\"og:image:height\" content=\"1598\" \/>\n\t<meta property=\"og:image:type\" content=\"image\/jpeg\" \/>\n<meta name=\"twitter:card\" content=\"summary\" \/>\n<script type=\"application\/ld+json\" class=\"yoast-schema-graph\">{\"@context\":\"https:\/\/schema.org\",\"@graph\":[{\"@type\":\"WebSite\",\"@id\":\"https:\/\/isay-dev.biotin-merz.ch\/#website\",\"url\":\"https:\/\/isay-dev.biotin-merz.ch\/\",\"name\":\"iSay\",\"description\":\"be good to your body\",\"potentialAction\":[{\"@type\":\"SearchAction\",\"target\":{\"@type\":\"EntryPoint\",\"urlTemplate\":\"https:\/\/isay-dev.biotin-merz.ch\/?s={search_term_string}\"},\"query-input\":\"required name=search_term_string\"}],\"inLanguage\":\"fr-FR\"},{\"@type\":\"ImageObject\",\"@id\":\"https:\/\/isay-dev.biotin-merz.ch\/fr\/produkt\/secheresse-vaginale#primaryimage\",\"inLanguage\":\"fr-FR\",\"url\":\"https:\/\/isay-dev.biotin-merz.ch\/wp-content\/uploads\/iSay_Packshots_VT_F.jpg\",\"contentUrl\":\"https:\/\/isay-dev.biotin-merz.ch\/wp-content\/uploads\/iSay_Packshots_VT_F.jpg\",\"width\":1500,\"height\":1598},{\"@type\":\"WebPage\",\"@id\":\"https:\/\/isay-dev.biotin-merz.ch\/fr\/produkt\/secheresse-vaginale#webpage\",\"url\":\"https:\/\/isay-dev.biotin-merz.ch\/fr\/produkt\/secheresse-vaginale\",\"name\":\"i say: Be Good To Your Body - S\u00e9cheresse vaginale\",\"isPartOf\":{\"@id\":\"https:\/\/isay-dev.biotin-merz.ch\/#website\"},\"primaryImageOfPage\":{\"@id\":\"https:\/\/isay-dev.biotin-merz.ch\/fr\/produkt\/secheresse-vaginale#primaryimage\"},\"datePublished\":\"2017-10-13T12:40:01+00:00\",\"dateModified\":\"2017-11-02T12:16:20+00:00\",\"description\":\"Le gel i say: S\u00e9cheresse vaginale au Cranberry-Active est un gel lubrifiant aqueux au pH optimal qui soulage imm\u00e9diatement la s\u00e9cheresse.\",\"breadcrumb\":{\"@id\":\"https:\/\/isay-dev.biotin-merz.ch\/fr\/produkt\/secheresse-vaginale#breadcrumb\"},\"inLanguage\":\"fr-FR\",\"potentialAction\":[{\"@type\":\"ReadAction\",\"target\":[\"https:\/\/isay-dev.biotin-merz.ch\/fr\/produkt\/secheresse-vaginale\"]}]},{\"@type\":\"BreadcrumbList\",\"@id\":\"https:\/\/isay-dev.biotin-merz.ch\/fr\/produkt\/secheresse-vaginale#breadcrumb\",\"itemListElement\":[{\"@type\":\"ListItem\",\"position\":1,\"name\":\"Home\",\"item\":\"https:\/\/isay-dev.biotin-merz.ch\/fr\/home-2\"},{\"@type\":\"ListItem\",\"position\":2,\"name\":\"Shop\",\"item\":\"https:\/\/isay-dev.biotin-merz.ch\/fr\/shop\"},{\"@type\":\"ListItem\",\"position\":3,\"name\":\"S\u00e9cheresse vaginale\"}]}]}<\/script>\n<!-- \/ Yoast SEO plugin. -->","yoast_head_json":{"title":"i say: Be Good To Your Body - S\u00e9cheresse vaginale","description":"Le gel i say: S\u00e9cheresse vaginale au Cranberry-Active est un gel lubrifiant aqueux au pH optimal qui soulage imm\u00e9diatement la s\u00e9cheresse.","robots":{"index":"index","follow":"follow","max-snippet":"max-snippet:-1","max-image-preview":"max-image-preview:large","max-video-preview":"max-video-preview:-1"},"canonical":"https:\/\/isay-dev.biotin-merz.ch\/fr\/produkt\/secheresse-vaginale","og_locale":"fr_FR","og_type":"article","og_title":"i say: Be Good To Your Body - S\u00e9cheresse vaginale","og_description":"Le gel i say: S\u00e9cheresse vaginale au Cranberry-Active est un gel lubrifiant aqueux au pH optimal qui soulage imm\u00e9diatement la s\u00e9cheresse.","og_url":"https:\/\/isay-dev.biotin-merz.ch\/fr\/produkt\/secheresse-vaginale","og_site_name":"iSay","article_modified_time":"2017-11-02T12:16:20+00:00","og_image":[{"width":1500,"height":1598,"url":"https:\/\/isay-dev.biotin-merz.ch\/wp-content\/uploads\/iSay_Packshots_VT_F.jpg","type":"image\/jpeg"}],"twitter_card":"summary","schema":{"@context":"https:\/\/schema.org","@graph":[{"@type":"WebSite","@id":"https:\/\/isay-dev.biotin-merz.ch\/#website","url":"https:\/\/isay-dev.biotin-merz.ch\/","name":"iSay","description":"be good to your body","potentialAction":[{"@type":"SearchAction","target":{"@type":"EntryPoint","urlTemplate":"https:\/\/isay-dev.biotin-merz.ch\/?s={search_term_string}"},"query-input":"required name=search_term_string"}],"inLanguage":"fr-FR"},{"@type":"ImageObject","@id":"https:\/\/isay-dev.biotin-merz.ch\/fr\/produkt\/secheresse-vaginale#primaryimage","inLanguage":"fr-FR","url":"https:\/\/isay-dev.biotin-merz.ch\/wp-content\/uploads\/iSay_Packshots_VT_F.jpg","contentUrl":"https:\/\/isay-dev.biotin-merz.ch\/wp-content\/uploads\/iSay_Packshots_VT_F.jpg","width":1500,"height":1598},{"@type":"WebPage","@id":"https:\/\/isay-dev.biotin-merz.ch\/fr\/produkt\/secheresse-vaginale#webpage","url":"https:\/\/isay-dev.biotin-merz.ch\/fr\/produkt\/secheresse-vaginale","name":"i say: Be Good To Your Body - S\u00e9cheresse vaginale","isPartOf":{"@id":"https:\/\/isay-dev.biotin-merz.ch\/#website"},"primaryImageOfPage":{"@id":"https:\/\/isay-dev.biotin-merz.ch\/fr\/produkt\/secheresse-vaginale#primaryimage"},"datePublished":"2017-10-13T12:40:01+00:00","dateModified":"2017-11-02T12:16:20+00:00","description":"Le gel i say: S\u00e9cheresse vaginale au Cranberry-Active est un gel lubrifiant aqueux au pH optimal qui soulage imm\u00e9diatement la s\u00e9cheresse.","breadcrumb":{"@id":"https:\/\/isay-dev.biotin-merz.ch\/fr\/produkt\/secheresse-vaginale#breadcrumb"},"inLanguage":"fr-FR","potentialAction":[{"@type":"ReadAction","target":["https:\/\/isay-dev.biotin-merz.ch\/fr\/produkt\/secheresse-vaginale"]}]},{"@type":"BreadcrumbList","@id":"https:\/\/isay-dev.biotin-merz.ch\/fr\/produkt\/secheresse-vaginale#breadcrumb","itemListElement":[{"@type":"ListItem","position":1,"name":"Home","item":"https:\/\/isay-dev.biotin-merz.ch\/fr\/home-2"},{"@type":"ListItem","position":2,"name":"Shop","item":"https:\/\/isay-dev.biotin-merz.ch\/fr\/shop"},{"@type":"ListItem","position":3,"name":"S\u00e9cheresse vaginale"}]}]}},"_links":{"self":[{"href":"https:\/\/isay-dev.biotin-merz.ch\/fr\/wp-json\/wp\/v2\/product\/295"}],"collection":[{"href":"https:\/\/isay-dev.biotin-merz.ch\/fr\/wp-json\/wp\/v2\/product"}],"about":[{"href":"https:\/\/isay-dev.biotin-merz.ch\/fr\/wp-json\/wp\/v2\/types\/product"}],"wp:featuredmedia":[{"embeddable":true,"href":"https:\/\/isay-dev.biotin-merz.ch\/fr\/wp-json\/wp\/v2\/media\/251"}],"wp:attachment":[{"href":"https:\/\/isay-dev.biotin-merz.ch\/fr\/wp-json\/wp\/v2\/media?parent=295"}],"wp:term":[{"taxonomy":"product_cat","embeddable":true,"href":"https:\/\/isay-dev.biotin-merz.ch\/fr\/wp-json\/wp\/v2\/product_cat?post=295"},{"taxonomy":"product_tag","embeddable":true,"href":"https:\/\/isay-dev.biotin-merz.ch\/fr\/wp-json\/wp\/v2\/product_tag?post=295"}],"curies":[{"name":"wp","href":"https:\/\/api.w.org\/{rel}","templated":true}]}}